{"id":508,"date":"2025-06-20T15:30:06","date_gmt":"2025-06-20T15:30:06","guid":{"rendered":"https:\/\/klogdev.wpenginepowered.com\/?page_id=508"},"modified":"2026-03-02T14:43:11","modified_gmt":"2026-03-02T14:43:11","slug":"servicos","status":"publish","type":"page","link":"https:\/\/klog.pt\/pt\/services\/","title":{"rendered":"Servi\u00e7os"},"content":{"rendered":"<div class=\"wp-block-group alignfull is-style-blank-group has-global-padding is-layout-constrained wp-block-group-is-layout-constrained\" style=\"margin-top:25px;padding-top:4rem;padding-bottom:4rem\">\n<div class=\"wp-block-columns alignwide is-layout-flex wp-container-core-columns-is-layout-61aaaba4 wp-block-columns-is-layout-flex\">\n<div class=\"wp-block-column is-vertically-aligned-stretch is-layout-flow wp-block-column-is-layout-flow\">\n<div class=\"wp-block-group has-custom-accent-color has-text-color has-link-color wp-elements-99f49af9244896b5aad6c76e5a159abc is-layout-grid wp-container-core-group-is-layout-2a87fdaa wp-block-group-is-layout-grid\">\n<div class=\"wp-block-group has-border-color has-custom-accent-border-color has-custom-light-gray-background-color has-background has-global-padding is-layout-constrained wp-container-core-group-is-layout-24bbddc9 wp-block-group-is-layout-constrained\" style=\"border-width:1px;border-radius:12px;min-height:150px;padding-top:1rem;padding-right:1rem;padding-bottom:1rem;padding-left:1rem\">\n<figure class=\"wp-block-image aligncenter size-full is-resized\" style=\"margin-top:0;margin-bottom:0\"><img decoding=\"async\" width=\"886\" height=\"887\" src=\"https:\/\/klog.pt\/wp-content\/uploads\/2025\/11\/1Artboard-9.webp\" alt=\"1Artboard\" class=\"wp-image-2025\" style=\"width:75px\" srcset=\"https:\/\/klog.pt\/wp-content\/uploads\/2025\/11\/1Artboard-9.webp 886w, https:\/\/klog.pt\/wp-content\/uploads\/2025\/11\/1Artboard-9-300x300.webp 300w, https:\/\/klog.pt\/wp-content\/uploads\/2025\/11\/1Artboard-9-150x150.webp 150w, https:\/\/klog.pt\/wp-content\/uploads\/2025\/11\/1Artboard-9-768x769.webp 768w, https:\/\/klog.pt\/wp-content\/uploads\/2025\/11\/1Artboard-9-12x12.webp 12w\" sizes=\"(max-width: 886px) 100vw, 886px\" \/><\/figure>\n\n\n\n<h5 class=\"wp-block-heading has-text-align-center\">LAnd<\/h5>\n<\/div>\n\n\n\n<div class=\"wp-block-group has-border-color has-custom-accent-border-color has-custom-light-gray-background-color has-background has-global-padding is-layout-constrained wp-container-core-group-is-layout-24bbddc9 wp-block-group-is-layout-constrained\" style=\"border-width:1px;border-radius:12px;min-height:150px;padding-top:1rem;padding-right:1rem;padding-bottom:1rem;padding-left:1rem\">\n<figure class=\"wp-block-image aligncenter size-full is-resized\" style=\"margin-top:0;margin-bottom:0\"><img decoding=\"async\" width=\"887\" height=\"887\" src=\"https:\/\/klog.pt\/wp-content\/uploads\/2025\/12\/1air-and-sea.webp\" alt=\"ar e mar\" class=\"wp-image-2045\" style=\"width:75px\" srcset=\"https:\/\/klog.pt\/wp-content\/uploads\/2025\/12\/1air-and-sea.webp 887w, https:\/\/klog.pt\/wp-content\/uploads\/2025\/12\/1air-and-sea-300x300.webp 300w, https:\/\/klog.pt\/wp-content\/uploads\/2025\/12\/1air-and-sea-150x150.webp 150w, https:\/\/klog.pt\/wp-content\/uploads\/2025\/12\/1air-and-sea-768x768.webp 768w, https:\/\/klog.pt\/wp-content\/uploads\/2025\/12\/1air-and-sea-12x12.webp 12w\" sizes=\"(max-width: 887px) 100vw, 887px\" \/><\/figure>\n\n\n\n<h5 class=\"wp-block-heading has-text-align-center\">Ar e Mar<\/h5>\n<\/div>\n\n\n\n<div class=\"wp-block-group has-border-color has-custom-accent-border-color has-custom-light-gray-background-color has-background has-global-padding is-layout-constrained wp-container-core-group-is-layout-24bbddc9 wp-block-group-is-layout-constrained\" style=\"border-width:1px;border-radius:12px;min-height:150px;padding-top:1rem;padding-right:1rem;padding-bottom:1rem;padding-left:1rem\">\n<figure class=\"wp-block-image aligncenter size-full is-resized\" style=\"margin-top:0;margin-bottom:0\"><img decoding=\"async\" width=\"887\" height=\"887\" src=\"https:\/\/klog.pt\/wp-content\/uploads\/2025\/11\/1Intermodal.webp\" alt=\"Intermodal\" class=\"wp-image-2006\" style=\"width:75px\" srcset=\"https:\/\/klog.pt\/wp-content\/uploads\/2025\/11\/1Intermodal.webp 887w, https:\/\/klog.pt\/wp-content\/uploads\/2025\/11\/1Intermodal-300x300.webp 300w, https:\/\/klog.pt\/wp-content\/uploads\/2025\/11\/1Intermodal-150x150.webp 150w, https:\/\/klog.pt\/wp-content\/uploads\/2025\/11\/1Intermodal-768x768.webp 768w, https:\/\/klog.pt\/wp-content\/uploads\/2025\/11\/1Intermodal-12x12.webp 12w\" sizes=\"(max-width: 887px) 100vw, 887px\" \/><\/figure>\n\n\n\n<h5 class=\"wp-block-heading has-text-align-center\">Intermodal<\/h5>\n<\/div>\n\n\n\n<div class=\"wp-block-group has-border-color has-custom-accent-border-color has-custom-light-gray-background-color has-background has-global-padding is-layout-constrained wp-container-core-group-is-layout-24bbddc9 wp-block-group-is-layout-constrained\" style=\"border-width:1px;border-radius:12px;min-height:150px;padding-top:1rem;padding-right:1rem;padding-bottom:1rem;padding-left:1rem\">\n<figure class=\"wp-block-image aligncenter size-full is-resized\" style=\"margin-top:0;margin-bottom:0\"><img decoding=\"async\" width=\"887\" height=\"887\" src=\"https:\/\/klog.pt\/wp-content\/uploads\/2025\/11\/1contract.webp\" alt=\"1contrato\" class=\"wp-image-1997\" style=\"width:75px\" srcset=\"https:\/\/klog.pt\/wp-content\/uploads\/2025\/11\/1contract.webp 887w, https:\/\/klog.pt\/wp-content\/uploads\/2025\/11\/1contract-300x300.webp 300w, https:\/\/klog.pt\/wp-content\/uploads\/2025\/11\/1contract-150x150.webp 150w, https:\/\/klog.pt\/wp-content\/uploads\/2025\/11\/1contract-768x768.webp 768w, https:\/\/klog.pt\/wp-content\/uploads\/2025\/11\/1contract-12x12.webp 12w\" sizes=\"(max-width: 887px) 100vw, 887px\" \/><\/figure>\n\n\n\n<h5 class=\"wp-block-heading has-text-align-center\">Log\u00edstica de contratos<\/h5>\n<\/div>\n\n\n\n<div class=\"wp-block-group has-border-color has-custom-accent-border-color has-custom-light-gray-background-color has-background has-global-padding is-layout-constrained wp-container-core-group-is-layout-24bbddc9 wp-block-group-is-layout-constrained\" style=\"border-width:1px;border-radius:12px;min-height:150px;padding-top:1rem;padding-right:1rem;padding-bottom:1rem;padding-left:1rem\">\n<figure class=\"wp-block-image aligncenter size-full is-resized\" style=\"margin-top:0;margin-bottom:0\"><img decoding=\"async\" width=\"886\" height=\"887\" src=\"https:\/\/klog.pt\/wp-content\/uploads\/2025\/11\/1time-critical.webp\" alt=\"1tempo cr\u00edtico\" class=\"wp-image-2019\" style=\"width:75px\" srcset=\"https:\/\/klog.pt\/wp-content\/uploads\/2025\/11\/1time-critical.webp 886w, https:\/\/klog.pt\/wp-content\/uploads\/2025\/11\/1time-critical-300x300.webp 300w, https:\/\/klog.pt\/wp-content\/uploads\/2025\/11\/1time-critical-150x150.webp 150w, https:\/\/klog.pt\/wp-content\/uploads\/2025\/11\/1time-critical-768x769.webp 768w, https:\/\/klog.pt\/wp-content\/uploads\/2025\/11\/1time-critical-12x12.webp 12w\" sizes=\"(max-width: 886px) 100vw, 886px\" \/><\/figure>\n\n\n\n<h5 class=\"wp-block-heading has-text-align-center\">tempo cr\u00edtico<\/h5>\n<\/div>\n<\/div>\n<\/div>\n\n\n\n<div class=\"wp-block-column is-vertically-aligned-center is-layout-flow wp-block-column-is-layout-flow\">\n<div class=\"wp-block-group has-global-padding is-content-justification-left is-layout-constrained wp-container-core-group-is-layout-12dd3699 wp-block-group-is-layout-constrained\">\n<h2 class=\"wp-block-heading separator-below-h\">klog lOG\u00cdSTICA<\/h2>\n\n\n\n<p>A KLOG chega a cada ind\u00fastria com uma abordagem especial, considerando o produto, servi\u00e7o ou processo de cada sector, que tem as suas pr\u00f3prias necessidades log\u00edsticas. A KLOG torna os seus clientes mais competitivos, com servi\u00e7os de transporte de alta performance, tendo em conta os desafios espec\u00edficos da sua \u00e1rea de neg\u00f3cio.<\/p>\n\n\n\n<p>A compreens\u00e3o das exig\u00eancias de cada sector \u00e9 o nosso ponto de partida, pois acreditamos que s\u00f3 o conhecimento cont\u00ednuo de cada neg\u00f3cio permite oferecer um servi\u00e7o de excel\u00eancia, adequando solu\u00e7\u00f5es globais a necessidades espec\u00edficas.<\/p>\n\n\n\n<div class=\"wp-block-buttons is-layout-flex wp-block-buttons-is-layout-flex\">\n<div class=\"wp-block-button is-style-yellow-but\"><a class=\"wp-block-button__link wp-element-button\" href=\"https:\/\/klog.pt\/pt\/servicos\/solucoes-logisticas\/\">Saiba mais<\/a><\/div>\n<\/div>\n<\/div>\n<\/div>\n<\/div>\n<\/div>\n\n\n\n<div class=\"wp-block-group alignfull is-style-blank-group has-custom-background-light-blue-background-color has-background has-global-padding is-layout-constrained wp-block-group-is-layout-constrained\" style=\"margin-top:25px;padding-top:4rem;padding-bottom:4rem\">\n<div class=\"wp-block-columns alignwide is-layout-flex wp-container-core-columns-is-layout-61aaaba4 wp-block-columns-is-layout-flex\">\n<div class=\"wp-block-column is-vertically-aligned-center is-layout-flow wp-block-column-is-layout-flow\">\n<div class=\"wp-block-group has-global-padding is-content-justification-right is-layout-constrained wp-container-core-group-is-layout-f1f2ed93 wp-block-group-is-layout-constrained\">\n<h2 class=\"wp-block-heading separator-below-h\"><strong>Solu\u00e7\u00f5es de transporte<\/strong><\/h2>\n\n\n\n<p>Com uma equipa de motoristas certificados e especializados, garantimos seguran\u00e7a e efici\u00eancia no transporte de todo o tipo de mercadorias, desde carga geral a contentores, passando por pneus e mercadorias perigosas.<\/p>\n\n\n\n<p>Assente no compromisso de sustentabilidade ambiental, dispomos de uma frota de cami\u00f5es ecol\u00f3gicos. Equipados com motores Euro VI, os nossos ve\u00edculos cumprem as normas europeias mais exigentes em mat\u00e9ria de emiss\u00f5es poluentes e oferecem tamb\u00e9m motores com elevados n\u00edveis de efici\u00eancia, fiabilidade e baixo consumo.<\/p>\n\n\n\n<div class=\"wp-block-buttons is-layout-flex wp-block-buttons-is-layout-flex\">\n<div class=\"wp-block-button is-style-yellow-but\"><a class=\"wp-block-button__link wp-element-button\" href=\"https:\/\/klog.pt\/pt\/servicos\/solucoes-de-transporte\/\">Saiba mais<\/a><\/div>\n<\/div>\n<\/div>\n<\/div>\n\n\n\n<div class=\"wp-block-column is-vertically-aligned-stretch is-layout-flow wp-block-column-is-layout-flow\">\n<div class=\"wp-block-group has-custom-accent-color has-text-color has-link-color wp-elements-f56ca8e3498d87ed6f0d3ac840fced8a is-layout-grid wp-container-core-group-is-layout-2a87fdaa wp-block-group-is-layout-grid\">\n<div class=\"wp-block-group has-border-color has-custom-accent-border-color has-custom-light-gray-background-color has-background has-global-padding is-layout-constrained wp-container-core-group-is-layout-24bbddc9 wp-block-group-is-layout-constrained\" style=\"border-width:1px;border-radius:12px;min-height:150px;padding-top:1rem;padding-right:1rem;padding-bottom:1rem;padding-left:1rem\">\n<figure class=\"wp-block-image aligncenter size-full is-resized\"><img decoding=\"async\" width=\"887\" height=\"887\" src=\"https:\/\/klog.pt\/wp-content\/uploads\/2025\/11\/1Peri.webp\" alt=\"1Peri\" class=\"wp-image-2011\" style=\"width:75px\" srcset=\"https:\/\/klog.pt\/wp-content\/uploads\/2025\/11\/1Peri.webp 887w, https:\/\/klog.pt\/wp-content\/uploads\/2025\/11\/1Peri-300x300.webp 300w, https:\/\/klog.pt\/wp-content\/uploads\/2025\/11\/1Peri-150x150.webp 150w, https:\/\/klog.pt\/wp-content\/uploads\/2025\/11\/1Peri-768x768.webp 768w, https:\/\/klog.pt\/wp-content\/uploads\/2025\/11\/1Peri-12x12.webp 12w\" sizes=\"(max-width: 887px) 100vw, 887px\" \/><\/figure>\n\n\n\n<h5 class=\"wp-block-heading has-text-align-center\">Transporte de mercadorias perigosas<\/h5>\n<\/div>\n\n\n\n<div class=\"wp-block-group has-border-color has-custom-accent-border-color has-custom-light-gray-background-color has-background has-global-padding is-layout-constrained wp-container-core-group-is-layout-24bbddc9 wp-block-group-is-layout-constrained\" style=\"border-width:1px;border-radius:12px;min-height:150px;padding-top:1rem;padding-right:1rem;padding-bottom:1rem;padding-left:1rem\">\n<figure class=\"wp-block-image aligncenter size-full is-resized\"><img decoding=\"async\" width=\"887\" height=\"887\" src=\"https:\/\/klog.pt\/wp-content\/uploads\/2025\/11\/1container-transport.webp\" alt=\"1 contentor transporte\" class=\"wp-image-1995\" style=\"width:75px\" srcset=\"https:\/\/klog.pt\/wp-content\/uploads\/2025\/11\/1container-transport.webp 887w, https:\/\/klog.pt\/wp-content\/uploads\/2025\/11\/1container-transport-300x300.webp 300w, https:\/\/klog.pt\/wp-content\/uploads\/2025\/11\/1container-transport-150x150.webp 150w, https:\/\/klog.pt\/wp-content\/uploads\/2025\/11\/1container-transport-768x768.webp 768w, https:\/\/klog.pt\/wp-content\/uploads\/2025\/11\/1container-transport-12x12.webp 12w\" sizes=\"(max-width: 887px) 100vw, 887px\" \/><\/figure>\n\n\n\n<h5 class=\"wp-block-heading has-text-align-center\">Transporte de contentores<\/h5>\n<\/div>\n\n\n\n<div class=\"wp-block-group has-border-color has-custom-accent-border-color has-custom-light-gray-background-color has-background has-global-padding is-layout-constrained wp-container-core-group-is-layout-24bbddc9 wp-block-group-is-layout-constrained\" style=\"border-width:1px;border-radius:12px;min-height:150px;padding-top:1rem;padding-right:1rem;padding-bottom:1rem;padding-left:1rem\">\n<figure class=\"wp-block-image aligncenter size-full is-resized\"><img decoding=\"async\" width=\"886\" height=\"887\" src=\"https:\/\/klog.pt\/wp-content\/uploads\/2025\/11\/1general-cargo.webp\" alt=\"1 carga geral\" class=\"wp-image-2005\" style=\"width:75px\" srcset=\"https:\/\/klog.pt\/wp-content\/uploads\/2025\/11\/1general-cargo.webp 886w, https:\/\/klog.pt\/wp-content\/uploads\/2025\/11\/1general-cargo-300x300.webp 300w, https:\/\/klog.pt\/wp-content\/uploads\/2025\/11\/1general-cargo-150x150.webp 150w, https:\/\/klog.pt\/wp-content\/uploads\/2025\/11\/1general-cargo-768x769.webp 768w, https:\/\/klog.pt\/wp-content\/uploads\/2025\/11\/1general-cargo-12x12.webp 12w\" sizes=\"(max-width: 886px) 100vw, 886px\" \/><\/figure>\n\n\n\n<h5 class=\"wp-block-heading has-text-align-center\">Transporte de carga geral<\/h5>\n<\/div>\n\n\n\n<div class=\"wp-block-group has-border-color has-custom-accent-border-color has-custom-light-gray-background-color has-background has-global-padding is-layout-constrained wp-container-core-group-is-layout-24bbddc9 wp-block-group-is-layout-constrained\" style=\"border-width:1px;border-radius:12px;min-height:150px;padding-top:1rem;padding-right:1rem;padding-bottom:1rem;padding-left:1rem\">\n<figure class=\"wp-block-image aligncenter size-full is-resized\"><img decoding=\"async\" width=\"886\" height=\"886\" src=\"https:\/\/klog.pt\/wp-content\/uploads\/2025\/11\/1expresso.webp\" alt=\"1expresso\" class=\"wp-image-2002\" style=\"width:75px\" srcset=\"https:\/\/klog.pt\/wp-content\/uploads\/2025\/11\/1expresso.webp 886w, https:\/\/klog.pt\/wp-content\/uploads\/2025\/11\/1expresso-300x300.webp 300w, https:\/\/klog.pt\/wp-content\/uploads\/2025\/11\/1expresso-150x150.webp 150w, https:\/\/klog.pt\/wp-content\/uploads\/2025\/11\/1expresso-768x768.webp 768w, https:\/\/klog.pt\/wp-content\/uploads\/2025\/11\/1expresso-12x12.webp 12w\" sizes=\"(max-width: 886px) 100vw, 886px\" \/><\/figure>\n\n\n\n<h5 class=\"wp-block-heading has-text-align-center\">Transporte expresso<\/h5>\n<\/div>\n\n\n\n<div class=\"wp-block-group has-border-color has-custom-accent-border-color has-custom-light-gray-background-color has-background has-global-padding is-layout-constrained wp-container-core-group-is-layout-24bbddc9 wp-block-group-is-layout-constrained\" style=\"border-width:1px;border-radius:12px;min-height:150px;padding-top:1rem;padding-right:1rem;padding-bottom:1rem;padding-left:1rem\">\n<figure class=\"wp-block-image aligncenter size-full is-resized\"><img decoding=\"async\" width=\"887\" height=\"886\" src=\"https:\/\/klog.pt\/wp-content\/uploads\/2025\/11\/1especiais.webp\" alt=\"1especiais\" class=\"wp-image-2001\" style=\"width:75px\" srcset=\"https:\/\/klog.pt\/wp-content\/uploads\/2025\/11\/1especiais.webp 887w, https:\/\/klog.pt\/wp-content\/uploads\/2025\/11\/1especiais-300x300.webp 300w, https:\/\/klog.pt\/wp-content\/uploads\/2025\/11\/1especiais-150x150.webp 150w, https:\/\/klog.pt\/wp-content\/uploads\/2025\/11\/1especiais-768x767.webp 768w, https:\/\/klog.pt\/wp-content\/uploads\/2025\/11\/1especiais-12x12.webp 12w\" sizes=\"(max-width: 887px) 100vw, 887px\" \/><\/figure>\n\n\n\n<h5 class=\"wp-block-heading has-text-align-center\">Transporte especial<\/h5>\n<\/div>\n\n\n\n<div class=\"wp-block-group has-border-color has-custom-accent-border-color has-custom-light-gray-background-color has-background has-global-padding is-layout-constrained wp-container-core-group-is-layout-24bbddc9 wp-block-group-is-layout-constrained\" style=\"border-width:1px;border-radius:12px;min-height:150px;padding-top:1rem;padding-right:1rem;padding-bottom:1rem;padding-left:1rem\">\n<figure class=\"wp-block-image aligncenter size-full is-resized\"><img decoding=\"async\" width=\"887\" height=\"886\" src=\"https:\/\/klog.pt\/wp-content\/uploads\/2025\/11\/1equipamento.webp\" alt=\"Equipamento\" class=\"wp-image-2000\" style=\"width:75px\" srcset=\"https:\/\/klog.pt\/wp-content\/uploads\/2025\/11\/1equipamento.webp 887w, https:\/\/klog.pt\/wp-content\/uploads\/2025\/11\/1equipamento-300x300.webp 300w, https:\/\/klog.pt\/wp-content\/uploads\/2025\/11\/1equipamento-150x150.webp 150w, https:\/\/klog.pt\/wp-content\/uploads\/2025\/11\/1equipamento-768x767.webp 768w, https:\/\/klog.pt\/wp-content\/uploads\/2025\/11\/1equipamento-12x12.webp 12w\" sizes=\"(max-width: 887px) 100vw, 887px\" \/><\/figure>\n\n\n\n<h5 class=\"wp-block-heading has-text-align-center\">Aluguer de equipamento<\/h5>\n<\/div>\n<\/div>\n<\/div>\n<\/div>\n<\/div>","protected":false},"excerpt":{"rendered":"<p>LAnd Air &amp; Sea Intermodal Contract Logistics time critical klog lOG\u00cdSTICA KLOG reaches each industry with a special approach, considering the product, service or process of each sector, which has its own logistics needs. KLOG makes its customers more competitive, with high-performance transport services, given the specific challenges of their business area. Understanding the requirements [&hellip;]<\/p>\n","protected":false},"author":1,"featured_media":1799,"parent":0,"menu_order":2,"comment_status":"closed","ping_status":"closed","template":"","meta":{"_acf_changed":false,"slim_seo":{"title":"Services - KLOG","description":"LAnd Air &amp; Sea Intermodal Contract Logistics time critical klog lOG\u00cdSTICA KLOG reaches each industry with a special approach, considering the product, servi"},"footnotes":""},"transport-solution":[],"class_list":["post-508","page","type-page","status-publish","has-post-thumbnail","hentry"],"acf":[],"mb":[],"mfb_rest_fields":["title"],"_links":{"self":[{"href":"https:\/\/klog.pt\/pt\/wp-json\/wp\/v2\/pages\/508","targetHints":{"allow":["GET"]}}],"collection":[{"href":"https:\/\/klog.pt\/pt\/wp-json\/wp\/v2\/pages"}],"about":[{"href":"https:\/\/klog.pt\/pt\/wp-json\/wp\/v2\/types\/page"}],"author":[{"embeddable":true,"href":"https:\/\/klog.pt\/pt\/wp-json\/wp\/v2\/users\/1"}],"replies":[{"embeddable":true,"href":"https:\/\/klog.pt\/pt\/wp-json\/wp\/v2\/comments?post=508"}],"version-history":[{"count":2,"href":"https:\/\/klog.pt\/pt\/wp-json\/wp\/v2\/pages\/508\/revisions"}],"predecessor-version":[{"id":2373,"href":"https:\/\/klog.pt\/pt\/wp-json\/wp\/v2\/pages\/508\/revisions\/2373"}],"wp:featuredmedia":[{"embeddable":true,"href":"https:\/\/klog.pt\/pt\/wp-json\/wp\/v2\/media\/1799"}],"wp:attachment":[{"href":"https:\/\/klog.pt\/pt\/wp-json\/wp\/v2\/media?parent=508"}],"wp:term":[{"taxonomy":"transport-solution","embeddable":true,"href":"https:\/\/klog.pt\/pt\/wp-json\/wp\/v2\/transport-solution?post=508"}],"curies":[{"name":"wp","href":"https:\/\/api.w.org\/{rel}","templated":true}]}}